{"id":1683,"date":"2013-11-14T17:22:39","date_gmt":"2013-11-14T15:22:39","guid":{"rendered":"https:\/\/museums-app.com\/?page_id=1683"},"modified":"2014-05-25T16:59:20","modified_gmt":"2014-05-25T14:59:20","slug":"about","status":"publish","type":"page","link":"https:\/\/museums-app.com\/?page_id=1683","title":{"rendered":"About"},"content":{"rendered":"<p>Der eine sammelt pinke Eierbecher, der n\u00e4chste Aktienpakete \u2013 ich sammle deutschsprachige Museums-Apps. Damit sind Programme f\u00fcr Tablets und Smartphones gemeint, die von Museen oder vergleichbaren Kulturinstitutionen entwickelt oder beauftragt wurden.<\/p>\n<p>Die ersten davon w\u00fcrden im Fr\u00fchjahr 2009 ver\u00f6ffentlicht \u2013 knapp ein Jahr nachdem Apple mit seinem <a href=\"https:\/\/itunes.apple.com\/de\/genre\/ios\/id36?mt=8\" target=\"_blank\">App Store<\/a> an den Start gegangen ist. Noch heute ist diese Plattform \u2013 gemeinsam mit einigen Android-Marktpl\u00e4tzen wie dem <a href=\"https:\/\/play.google.com\/store\" target=\"_blank\">Google Play Store<\/a> \u2013 der Ort, an dem die meisten Museums-Apps zum Download bereitstehen. Allein in Deutschland, \u00d6sterreich und der Schweiz gibt es inzwischen weit \u00fcber 100 dieser mobilen Anwendungen.\u00a0Einige bestehen haupts\u00e4chlich aus zweitverwerteten Audioguides, andere versuchen, mit den besonderen Eigenschaften dieses Mediums neue Wege zu gehen.<\/p>\n<p>Ich begleite diese Entwicklung seit ich 2010 meine <a href=\"https:\/\/museums-app.com\/archiv\/Bachelorarbeit_Guett_mail.pdf\" target=\"_blank\">Bachelorarbeit<\/a> \u00fcber das Thema geschrieben habe.<\/p>\n<p><strong>Irgendwann\u00a0werde ich vermutlich einen richtigen \u00fcber-mich-Text schreiben, <\/strong><br \/>\nbis dahin m\u00fcssen die paar Hashs reichen:<\/p>\n<p>#Museologin #Freiberuflerin #Konzepterin #Beraterin #Kunstgeschichtsstudentin #Geschichtengestalterin #Aushilfsgrafikerin #Bloggerin #Gelegenheitstwitterfan #Gelegenheitsskeptikerin #Museumsfan<\/p>\n<p>&nbsp;<\/p>\n<p><a href=\"https:\/\/museums-app.com\/wp-content\/uploads\/2013\/10\/guett_artikel-vortraege_2013.pdf\">\u00dcbersicht meiner Vortr\u00e4ge und gedruckten Artikel<\/a><\/p>\n","protected":false},"excerpt":{"rendered":"<p>Der eine sammelt pinke Eierbecher, der n\u00e4chste Aktienpakete \u2013 ich sammle deutschsprachige Museums-Apps. Damit sind Programme f\u00fcr Tablets und Smartphones gemeint, die von Museen oder vergleichbaren Kulturinstitutionen entwickelt oder beauftragt wurden. Die ersten davon w\u00fcrden im Fr\u00fchjahr 2009 ver\u00f6ffentlicht \u2013&hellip; <\/p>\n","protected":false},"author":1,"featured_media":0,"parent":0,"menu_order":6,"comment_status":"closed","ping_status":"closed","template":"","meta":{"footnotes":""},"class_list":["post-1683","page","type-page","status-publish","hentry"],"_links":{"self":[{"href":"https:\/\/museums-app.com\/index.php?rest_route=\/wp\/v2\/pages\/1683","targetHints":{"allow":["GET"]}}],"collection":[{"href":"https:\/\/museums-app.com\/index.php?rest_route=\/wp\/v2\/pages"}],"about":[{"href":"https:\/\/museums-app.com\/index.php?rest_route=\/wp\/v2\/types\/page"}],"author":[{"embeddable":true,"href":"https:\/\/museums-app.com\/index.php?rest_route=\/wp\/v2\/users\/1"}],"replies":[{"embeddable":true,"href":"https:\/\/museums-app.com\/index.php?rest_route=%2Fwp%2Fv2%2Fcomments&post=1683"}],"version-history":[{"count":14,"href":"https:\/\/museums-app.com\/index.php?rest_route=\/wp\/v2\/pages\/1683\/revisions"}],"predecessor-version":[{"id":1827,"href":"https:\/\/museums-app.com\/index.php?rest_route=\/wp\/v2\/pages\/1683\/revisions\/1827"}],"wp:attachment":[{"href":"https:\/\/museums-app.com\/index.php?rest_route=%2Fwp%2Fv2%2Fmedia&parent=1683"}],"curies":[{"name":"wp","href":"https:\/\/api.w.org\/{rel}","templated":true}]}}