{"id":414,"date":"2012-07-10T17:38:16","date_gmt":"2012-07-10T15:38:16","guid":{"rendered":"https:\/\/museums-app.com\/?page_id=414"},"modified":"2014-05-25T12:16:57","modified_gmt":"2014-05-25T10:16:57","slug":"archiv-der-empfehlungen","status":"publish","type":"page","link":"https:\/\/museums-app.com\/?page_id=414","title":{"rendered":"Empfohlene Apps"},"content":{"rendered":"<p>Hier empfehle ich regelm\u00e4\u00dfig Applikationen, die zwar nicht in meine Liste deutschsprachiger Museums-Apps passen, die aber\u00a0inhaltlich, technisch, konzeptuell oder grafisch herausragend sind.<\/p>\n<p><a href=\"https:\/\/itunes.apple.com\/gb\/app\/polyfauna\/id793263070?mt=8&amp;ign-mpt=uo%3D8\"><img loading=\"lazy\" decoding=\"async\" class=\"size-medium wp-image-1862 alignleft\" alt=\"Radiohead: Polyfauna \u2013 An immersive, expansive world of primitive life\" src=\"https:\/\/museums-app.com\/wp-content\/uploads\/2012\/07\/IMG_0444-300x225.png\" width=\"300\" height=\"225\" srcset=\"https:\/\/museums-app.com\/wp-content\/uploads\/2012\/07\/IMG_0444-300x225.png 300w, https:\/\/museums-app.com\/wp-content\/uploads\/2012\/07\/IMG_0444.png 1024w\" sizes=\"auto, (max-width: 300px) 100vw, 300px\" \/><\/a><strong>Februar 2014<\/strong><\/p>\n<p>&#8222;Radiohead: Polyfauna&#8220; ist ein interaktives Kunstwerk \u2013 eine Fantasielandschaft, in der durch Ber\u00fchrungen neue Lebewesen entstehen. \u00c4hnlich wie bei Augmented Reality-Anwendung sieht man je nach Position des Tablets einen anderen Ausschnitt dieser Welt. Die Kunst-App baut eine faszinierende Atmosph\u00e4re auf, einziges kleines Manko: die Infoseiten wurden nicht in die Anwendung integriert. Der <a href=\"http:\/\/www.creativeapplications.net\/featured\/radiohead-polyfauna-an-immersive-expansive-world-of-primitive-life\/\" target=\"_blank\">Artikel auf creativeapplications.com<\/a>\u00a0beschreibt die <a href=\"https:\/\/itunes.apple.com\/gb\/app\/polyfauna\/id793263070?mt=8&amp;uo=8&amp;at=11l5Uf\" target=\"_blank\">iPad-App<\/a>, eine Android-Version soll folgen.\u00a0[\u00a9 Ticker Tape Ltd]<\/p>\n<p><strong><a href=\"https:\/\/itunes.apple.com\/de\/app\/journeys-of-invention\/id685965924?mt=8\"><img loading=\"lazy\" decoding=\"async\" class=\"alignleft size-medium wp-image-1870\" alt=\"IMG_0449\" src=\"https:\/\/museums-app.com\/wp-content\/uploads\/2012\/07\/IMG_0449-300x225.png\" width=\"300\" height=\"225\" srcset=\"https:\/\/museums-app.com\/wp-content\/uploads\/2012\/07\/IMG_0449-300x225.png 300w, https:\/\/museums-app.com\/wp-content\/uploads\/2012\/07\/IMG_0449.png 1024w\" sizes=\"auto, (max-width: 300px) 100vw, 300px\" \/><\/a>Januar 2014<\/strong><\/p>\n<p>Das Londoner Science Museum schickt Sie auf 14 kleine Entdeckungsreisen quer durch die Geschichte von Wissenschaft und Technik. Die grafisch und akustisch aufwendig gestaltete App\u00a0&#8222;Journeys of Invention&#8220; ist unter anderem durch die Navigation interessant. Statt Linkleisten und Buttons gibt es eine Art Netzwerk-Karte, auf der Objektbilder zu den Inhalten f\u00fchren. Die erste Tour in der <a href=\"https:\/\/itunes.apple.com\/de\/app\/journeys-of-invention\/id685965924?mt=8\" target=\"_blank\">iPad-App<\/a>\u00a0gibt es kostenlos, den Rest kann man f\u00fcr 8.99 \u20ac in der App erwerben. [\u00a9 Touch Press Ltd]<\/p>\n<p><strong><a href=\"https:\/\/itunes.apple.com\/de\/app\/unsere-welt-das-geographie\/id658902767?mt=8\"><img loading=\"lazy\" decoding=\"async\" class=\"size-medium wp-image-1866 alignleft\" alt=\"Screenshot der Quiz-App &quot;Unsere Welt&quot;\" src=\"https:\/\/museums-app.com\/wp-content\/uploads\/2012\/07\/unsere-welt-300x225.png\" width=\"300\" height=\"225\" srcset=\"https:\/\/museums-app.com\/wp-content\/uploads\/2012\/07\/unsere-welt-300x225.png 300w, https:\/\/museums-app.com\/wp-content\/uploads\/2012\/07\/unsere-welt.png 569w\" sizes=\"auto, (max-width: 300px) 100vw, 300px\" \/><\/a>Dezember 2013<\/strong><\/p>\n<p>Wissen Sie, ob Afghanistan an den Iran oder den Irak grenzt? Und wie hie\u00df noch mal die Hauptstadt von Australien? Die kostenlose iPad-App <a href=\"https:\/\/itunes.apple.com\/de\/app\/unsere-welt-das-geographie\/id658902767?mt=8\">&#8222;Unsere Welt&#8220;<\/a> ist ein gutes Mittel, um das geografische Allgemeinwissen aufzubessern. Sie w\u00e4hlen eine Kategorie aus und bekommen dann Namen von St\u00e4dten oder L\u00e4ndern angezeigt, die Sie auf einer Weltkarte finden sollen. Das Konzept ist nicht revolution\u00e4r, funktioniert aber dank der guten Umsetzung und dem \u00fcbersichtlichen Design sehr gut. \u00dcbrigens: Afghanistan grenzt an den Iran. \ud83d\ude09<br \/>\n[\u00a9 2013 Trilliarden]<\/p>\n<p><strong><a href=\"https:\/\/museums-app.com\/wp-content\/uploads\/2012\/07\/type-rider.jpg\"><img loading=\"lazy\" decoding=\"async\" class=\"size-full wp-image-1808 alignleft\" alt=\"type-rider\" src=\"https:\/\/museums-app.com\/wp-content\/uploads\/2012\/07\/type-rider.jpg\" width=\"300\" height=\"225\" \/><\/a>\u00a0Oktober 2013<\/strong><\/p>\n<p>Lust auf ein typografisches Abenteuer? Dann installieren Sie\u00a0Type:Rider auf Ihrem <a href=\"https:\/\/itunes.apple.com\/de\/app\/type-rider\/id667443268\" target=\"_blank\">iPad, iPhone <\/a>oder <a href=\"https:\/\/play.google.com\/store\/apps\/details?id=com.bulkypix.typerider\" target=\"_blank\">Androiden<\/a>. Vor einer au\u00dfergew\u00f6hnlich sch\u00f6nen grafischen Kulisse und untermalt von ausgekl\u00fcgelten Sounds k\u00f6nnen Sie in einer ungew\u00f6hnlichen\u00a0Jump &#8217;n&#8216; Run-Interpretation die Geschichte der Schrift erkunden. Die 2,69 \u20ac ist dieses Game auf jeden Fall wert! [\u00a9 Bulkypix 2013]<\/p>\n<p>&nbsp;<\/p>\n<p><a href=\"https:\/\/museums-app.com\/wp-content\/uploads\/2012\/07\/moma.jpg\"><img loading=\"lazy\" decoding=\"async\" class=\"alignleft size-medium wp-image-1311\" title=\"moma\" alt=\"\" src=\"https:\/\/museums-app.com\/wp-content\/uploads\/2012\/07\/moma-300x225.jpg\" width=\"300\" height=\"225\" \/><\/a><strong>August 2013<\/strong><\/p>\n<p>Die iPad-App <a href=\"https:\/\/itunes.apple.com\/us\/app\/art-in-the-moment\/id667957844?mt=8\" target=\"_blank\">Art in the moment<\/a>\u00a0vom cje SeniorLife und dem Art Institute of Chicago soll Menschen mit\u00a0kognitiven Einschr\u00e4nkungen helfen. Durch spezielle Informations- und Interaktionsm\u00f6glichkeiten k\u00f6nnen\u00a0zum Beispiel Demenzkranke spielerisch ihre\u00a0Erinnerungsf\u00e4higkeiten trainieren.<br \/>\n[\u00a9 2013 &#8211; CJE Senior Life]<\/p>\n<p>&nbsp;<\/p>\n<p><strong><a href=\"https:\/\/museums-app.com\/wp-content\/uploads\/2012\/07\/IMG_0262.png\"><img loading=\"lazy\" decoding=\"async\" class=\"alignleft size-medium wp-image-1317\" title=\"IMG_0262\" alt=\"\" src=\"https:\/\/museums-app.com\/wp-content\/uploads\/2012\/07\/IMG_0262-300x225.png\" width=\"300\" height=\"225\" \/><\/a>Juli 2013<\/strong><\/p>\n<p>Die App\u00a0<a href=\"https:\/\/itunes.apple.com\/us\/app\/peacock-room-comes-to-america\/id671150763?mt=8\" target=\"_blank\">The Peacock Room Comes to America<\/a>\u00a0vom\u00a0Smithsonian Institute zeigt 360\u00b0 dieses atemberaubenden Raumes, in dem es viel zu entdecken gibt. Die Art, wie Informationen in Bild und Gestaltung eingebettet sind, halte ich f\u00fcr kopierensw\u00fcrdig.<br \/>\n[\u00a9 2013 Smithsonian Institution]<\/p>\n<p>&nbsp;<\/p>\n<p>&nbsp;<\/p>\n<p>&nbsp;<\/p>\n<p><strong><a href=\"https:\/\/museums-app.com\/wp-content\/uploads\/2012\/07\/britishmuseum.jpg\"><img loading=\"lazy\" decoding=\"async\" class=\"alignleft size-medium wp-image-1314\" title=\"britishmuseum\" alt=\"\" src=\"https:\/\/museums-app.com\/wp-content\/uploads\/2012\/07\/britishmuseum-300x158.jpg\" width=\"300\" height=\"158\" \/><\/a>Juni 2013<br \/>\n<\/strong><br \/>\nDie kostenpflichtige App\u00a0<a href=\"https:\/\/itunes.apple.com\/gb\/app\/life-death-in-pompeii-herculaneum\/id634904642?ls=1&amp;mt=8\" target=\"_blank\">Life and Death in Pompeii and Herculaneum<\/a>\u00a0vom\u00a0\u00a0British Museum empfehle ich wegen dem sch\u00f6nen User Interface und dem ausgefeilten Vermittlungskonzept. [\u00a9 Trustees of the British Museum]<\/p>\n<p>&nbsp;<\/p>\n<p>&nbsp;<\/p>\n<p style=\"text-align: left;\"><img loading=\"lazy\" decoding=\"async\" class=\"alignleft\" alt=\"\" src=\"https:\/\/museums-app.com\/wp-content\/uploads\/2013\/02\/stimmenspiel.jpg\" width=\"220\" height=\"239\" \/><\/p>\n<p style=\"text-align: left;\"><strong>M\u00e4rz 2013<\/strong><\/p>\n<p style=\"text-align: left;\"><strong><\/strong>Der Bundesrat hat ein <a href=\"https:\/\/itunes.apple.com\/de\/app\/stimmenspiel\/id429643818?mt=8\">Spiel<\/a> ver\u00f6ffentlicht \u2013 und zwar ein sehr niedliches!<\/p>\n<p style=\"text-align: left;\">Kannst du den neuen Mitgliedern aus allen Bundesl\u00e4ndern helfen, ihre Kollegen zu finden? Wenn du nicht rechtzeitig die richtige Anzahl Abgeordneter zusammenbekommst, verschwinden unsere Volksvertreter im Untergrund&#8230;<\/p>\n<p style=\"text-align: left;\">[\u00a9\u00a0<a href=\"http:\/\/www.bundesrat.de\/\">Bundesrat<\/a>]<\/p>\n<p style=\"text-align: left;\"><strong> \u00a0\u00a0<\/strong><\/p>\n<p style=\"text-align: left;\">.<\/p>\n<p><img decoding=\"async\" class=\"alignleft\" alt=\"\" src=\"https:\/\/museums-app.com\/wp-content\/uploads\/2013\/01\/ArtLens1.jpg\" \/><\/p>\n<p><strong>Januar 2013<\/strong><\/p>\n<p><strong><\/strong>Es dauert ein wenig, bis alle Daten auf dem iPad sind. Dann jedoch darf man feststellen, dass das Cleveland Museum of Art mit der App <a href=\"https:\/\/itunes.apple.com\/us\/app\/artlens\/id580839935?mt=8\" target=\"_blank\">ARTLENS<\/a> einiges richtig gemacht hat. Nein \u2013 das Medium wurde nicht neu erfunden, aber ziemlich gut eingesetzt.<\/p>\n<p><span class=\"Apple-style-span\" style=\"font-style: normal;\">\u00dcber Ortungsfunktion, Guided Tours f\u00fcr zahlreiche Interessen-gebiete, Lagepl\u00e4ne oder AR kommt man schnell und intuitiv zu einem bunten Medienmix rund um die Werke.\u00a0<\/span>Au\u00dferdem hatte hier mal ein Grafiker Ahnung von Typo, wof\u00fcr es ein Extra-Sternchen gibt! [\u00a9 Cleveland Museum of Art]<\/p>\n<p><strong><img loading=\"lazy\" decoding=\"async\" class=\"alignleft\" alt=\"\" src=\"https:\/\/museums-app.com\/wp-content\/uploads\/2012\/11\/explorer.jpg\" width=\"220\" height=\"220\" \/>Dezember 2012<\/strong><\/p>\n<p><strong><\/strong>Mit der App <a href=\"https:\/\/itunes.apple.com\/us\/app\/museum-explorer\/id567782350?ls=1&amp;mt=8\" target=\"_blank\">Museum Explorer<\/a>\u00a0kann man im National Museum Scotland nach den h\u00e4sslichsten, gr\u00f6\u00dften oder geruchsintensivsten Objekten suchen. Technisch mit Sicherheit sehr einfach und zum Beispiel eine super Besch\u00e4ftigung f\u00fcr jene, die eher ins Museum mitgeschleift wurden. [\u00a9 2012 National Museums Scotland]<\/p>\n<p>&nbsp;<\/p>\n<p>&nbsp;<\/p>\n<p>&nbsp;<\/p>\n<p><strong><a href=\"https:\/\/museums-app.com\/wp-content\/uploads\/2012\/07\/sala-oberta.jpg\"><img loading=\"lazy\" decoding=\"async\" class=\"alignleft size-thumbnail wp-image-794\" title=\"sala-oberta\" alt=\"\" src=\"https:\/\/museums-app.com\/wp-content\/uploads\/2012\/07\/sala-oberta-150x150.jpg\" width=\"150\" height=\"150\" \/><\/a><\/strong><\/p>\n<p><strong>November 2012<\/strong><\/p>\n<p>Erinnert sich noch jemand an die App von Gr\u00fcnen Gew\u00f6lbe, in der man sich durch die Ausstellung navigieren konnte? Inzwischen haben die Ger\u00e4te genug Rechenleistung, dass dies auch Spa\u00df macht, wie bei\u00a0<a href=\"https:\/\/itunes.apple.com\/gb\/app\/girona-sala-oberta\/id570189014?mt=8&amp;ign-mpt=uo%3D2%22\">Sala Oberta.<\/a>\u00a0[nicht mehr online]<\/p>\n<p>&nbsp;<\/p>\n<p>&nbsp;<\/p>\n<p><strong><a href=\"https:\/\/museums-app.com\/wp-content\/uploads\/2012\/07\/met.jpg\"><img loading=\"lazy\" decoding=\"async\" class=\"alignleft size-thumbnail wp-image-796\" title=\"met\" alt=\"\" src=\"https:\/\/museums-app.com\/wp-content\/uploads\/2012\/07\/met-150x150.jpg\" width=\"150\" height=\"150\" \/><\/a>Oktober 2012<\/strong><\/p>\n<p>Wie sieht&#8217;s aus? Kannst du ein manipuliertes Foto erkennen? <a href=\"https:\/\/itunes.apple.com\/us\/app\/faking-it\/id565847896?mt=8\" target=\"_blank\">Faking it<\/a>\u00a0vom Metropolitan gibt einen kleinen Einblick in die Geschichte der Bildbearbeitung \u2013 die \u00fcbrigens ungef\u00e4hr so alt ist, wie die Fotografie selbst. [\u00a9 2012 The Metropolitan Museum of Art]<\/p>\n<p>&nbsp;<\/p>\n<p>&nbsp;<\/p>\n<p><img decoding=\"async\" class=\"alignleft size-full wp-image-657\" alt=\"\" src=\"https:\/\/museums-app.com\/wp-content\/uploads\/2012\/09\/london.jpg\" \/><strong><\/strong><\/p>\n<p><strong>September\u00a02012<\/strong><\/p>\n<p>Nach wie vor eine meiner absoluten Favoriten:<\/p>\n<p><a href=\"http:\/\/itunes.apple.com\/de\/app\/museum-london-streetmuseum\/id369684330?mt=8\">Streetmuseum<\/a> vom Museum of London! Eine geniale, weil einfache Sammlungspr\u00e4sentation. [\u00a9 Brothers and Sisters Creative Ltd.]<\/p>\n<p>&nbsp;<\/p>\n<p><a href=\"https:\/\/museums-app.com\/wp-content\/uploads\/2012\/07\/kunst-by-me1.png\"><img loading=\"lazy\" decoding=\"async\" class=\"alignleft  wp-image-657\" title=\"kunst-by-me\" alt=\"\" src=\"https:\/\/museums-app.com\/wp-content\/uploads\/2012\/07\/kunst-by-me1.png\" width=\"211\" height=\"217\" \/><\/a><strong>August 2012<\/strong><\/p>\n<p>Dieses atemberaubende Kunstwerk habe ich in ca. 30 Sekunden mit der iPhone-App <a href=\"http:\/\/itunes.apple.com\/us\/app\/smithsonian-artists-in-dialogue\/id450861036?mt=8\">Smithsonian: Artists in Dialogue 2<\/a> erstellt. Ein sehr h\u00fcbsches Spielzeug! [\u00a9 2011 Smithsonian Institution]<\/p>\n<p><strong><\/strong><\/p>\n<p>&nbsp;<\/p>\n<p>&nbsp;<\/p>\n<p>&nbsp;<\/p>\n<p><a href=\"https:\/\/museums-app.com\/wp-content\/uploads\/2012\/07\/tate-run.jpg\"><img loading=\"lazy\" decoding=\"async\" class=\"alignleft  wp-image-798\" title=\"tate-run\" alt=\"\" src=\"https:\/\/museums-app.com\/wp-content\/uploads\/2012\/07\/tate-run-300x200.jpg\" width=\"300\" height=\"200\" \/><\/a>\u00a0<strong>Juli 2012<\/strong><\/p>\n<p>Wenn man Tate Modern hei\u00dft, kann man schon mal aus einem Jahrhundert Kunstgeschichte ein jump &#8217;n run-game machen&#8230;<\/p>\n<p>Werft mal einen Blick auf\u00a0<a href=\"https:\/\/itunes.apple.com\/de\/app\/race-against-time\/id484570746?mt=8\" target=\"_blank\">Race Against Time<\/a> \u2013 aber lasst den Leguan nicht sterben, w\u00e4hrend ihr die Suppendosen begutachtet! [\u00a9 2011 Developed by Somethin&#8216; Else for Tate Modern]<\/p>\n<p>&nbsp;<\/p>\n<p><a href=\"https:\/\/museums-app.com\/wp-content\/uploads\/2012\/07\/zeppelin2.jpg\"><img loading=\"lazy\" decoding=\"async\" class=\"alignleft size-full wp-image-418\" title=\"zeppelin\" alt=\"\" src=\"https:\/\/museums-app.com\/wp-content\/uploads\/2012\/07\/zeppelin2.jpg\" width=\"190\" height=\"59\" \/><\/a><strong>Juni 2012<\/strong><\/p>\n<p>F\u00fcr die iPad-App <a href=\"http:\/\/itunes.apple.com\/de\/app\/wunderkammer-hd\/id445342707?mt=8\">Wunderkammer<\/a> haben <a href=\"http:\/\/3pc.de\/referenzen\/apps\/\">3pc<\/a> und das <a href=\"http:\/\/www.zeppelin-museum.de\/\">Zeppelin Museum<\/a> in Friedrichshafen eine ganz wunderbare M\u00f6glichkeit gefunden, Objekte in Szene zu setzen! [\u00a9 Zeppelin Museum Friedrichshafen]<\/p>\n","protected":false},"excerpt":{"rendered":"<p>Hier empfehle ich regelm\u00e4\u00dfig Applikationen, die zwar nicht in meine Liste deutschsprachiger Museums-Apps passen, die aber\u00a0inhaltlich, technisch, konzeptuell oder grafisch herausragend sind. Februar 2014 &#8222;Radiohead: Polyfauna&#8220; ist ein interaktives Kunstwerk \u2013 eine Fantasielandschaft, in der durch Ber\u00fchrungen neue Lebewesen entstehen.&hellip; <\/p>\n","protected":false},"author":1,"featured_media":1311,"parent":0,"menu_order":4,"comment_status":"closed","ping_status":"closed","template":"","meta":{"footnotes":""},"class_list":["post-414","page","type-page","status-publish","has-post-thumbnail","hentry"],"_links":{"self":[{"href":"https:\/\/museums-app.com\/index.php?rest_route=\/wp\/v2\/pages\/414","targetHints":{"allow":["GET"]}}],"collection":[{"href":"https:\/\/museums-app.com\/index.php?rest_route=\/wp\/v2\/pages"}],"about":[{"href":"https:\/\/museums-app.com\/index.php?rest_route=\/wp\/v2\/types\/page"}],"author":[{"embeddable":true,"href":"https:\/\/museums-app.com\/index.php?rest_route=\/wp\/v2\/users\/1"}],"replies":[{"embeddable":true,"href":"https:\/\/museums-app.com\/index.php?rest_route=%2Fwp%2Fv2%2Fcomments&post=414"}],"version-history":[{"count":85,"href":"https:\/\/museums-app.com\/index.php?rest_route=\/wp\/v2\/pages\/414\/revisions"}],"predecessor-version":[{"id":1882,"href":"https:\/\/museums-app.com\/index.php?rest_route=\/wp\/v2\/pages\/414\/revisions\/1882"}],"wp:featuredmedia":[{"embeddable":true,"href":"https:\/\/museums-app.com\/index.php?rest_route=\/wp\/v2\/media\/1311"}],"wp:attachment":[{"href":"https:\/\/museums-app.com\/index.php?rest_route=%2Fwp%2Fv2%2Fmedia&parent=414"}],"curies":[{"name":"wp","href":"https:\/\/api.w.org\/{rel}","templated":true}]}}